{"id":324,"date":"2022-12-12T12:52:23","date_gmt":"2022-12-12T12:52:23","guid":{"rendered":"https:\/\/kloosterhaar-bouwgrondstoffen.com\/site\/?page_id=324"},"modified":"2022-12-21T12:59:52","modified_gmt":"2022-12-21T12:59:52","slug":"privacy-statement","status":"publish","type":"page","link":"https:\/\/kloosterhaar-bouwgrondstoffen.com\/de\/privacy-statement\/","title":{"rendered":"Datenschutzerkl\u00e4rung"},"content":{"rendered":"\n<p>Kloosterhaar Bouwgrondstoffen mit Sitz in Verlengde Broekdijk 27 7694 TD Kloosterhaar ist f\u00fcr die Verarbeitung personenbezogener Daten gem\u00e4\u00df dieser Datenschutzerkl\u00e4rung verantwortlich.<br>Kontaktdetails:<br>https:\/\/kloosterhaar-bouwgrondstoffen.com<br>Erweiterter Broekdijk 27 7694 TD Kloosterhaar<br>+31 0523 241 543<\/p>\n\n\n\n<p><strong>Personenbezogene Daten, die wir verarbeiten<\/strong><br>Kloosterhaar Bouwgrondstoffen verarbeitet keine personenbezogenen Daten, da auf unserer Website keine personenbezogenen Daten hinterlassen werden d\u00fcrfen. Wir verwenden auch keine Social-Media-Plugins.<\/p>\n\n\n\n<p><strong>Besondere und\/oder sensible personenbezogene Daten, die wir verarbeiten<\/strong><br>Unsere Website und\/oder unser Dienst beabsichtigen nicht, Daten \u00fcber Website-Besucher unter 16 Jahren zu sammeln. Es sei denn, sie haben die Zustimmung der Eltern oder Erziehungsberechtigten. Wir k\u00f6nnen jedoch nicht \u00fcberpr\u00fcfen, ob ein Besucher \u00e4lter als 16 Jahre ist. Wir raten Eltern daher, sich an den Online-Aktivit\u00e4ten ihrer Kinder zu beteiligen, um zu verhindern, dass Daten \u00fcber Kinder ohne elterliche Zustimmung gesammelt werden. Wenn Sie davon \u00fcberzeugt sind, dass wir ohne diese Erlaubnis personenbezogene Daten \u00fcber einen Minderj\u00e4hrigen gesammelt haben, kontaktieren Sie uns bitte unter Wandre.Bakhuis@kloosterhaar-bouwgrondstoffen.com und wir werden diese Daten l\u00f6schen.<\/p>\n\n\n\n<p><strong>Zu welchem \u200b\u200bZweck und auf welcher Grundlage verarbeiten wir personenbezogene Daten<\/strong><br>Kloosterhaar Bouwgrondstoffen verarbeitet Ihre personenbezogenen Daten f\u00fcr folgende Zwecke:<\/p>\n\n\n\n<ul class=\"wp-block-list\">\n<li>Um Sie anrufen oder per E-Mail kontaktieren zu k\u00f6nnen, wenn dies f\u00fcr die Erbringung unserer Dienstleistungen erforderlich ist<\/li>\n<\/ul>\n\n\n\n<p><strong>Automatisierte Entscheidungsfindung<\/strong><br>Kloosterhaar Bouwgrondstoffen trifft #Verantwortungsentscheidungen auf der Grundlage einer automatisierten Verarbeitung in Angelegenheiten, die (erhebliche) Folgen f\u00fcr Menschen haben k\u00f6nnen. Dies sind Entscheidungen, die von Computerprogrammen oder -systemen getroffen werden, ohne dass eine Person (z. B. ein Mitarbeiter von Kloosterhaar Bouwgrondstoffen) beteiligt ist.<\/p>\n\n\n\n<p><strong>Wie lange wir personenbezogene Daten aufbewahren<\/strong><br>Kloosterhaar Bouwgrondstoffen speichert Ihre personenbezogenen Daten nicht l\u00e4nger als unbedingt erforderlich, um die Zwecke zu erreichen, f\u00fcr die Ihre Daten erhoben werden.<\/p>\n\n\n\n<p><strong>Weitergabe personenbezogener Daten an Dritte<\/strong><br>Kloosterhaar Bouwgrondstoffen liefert nur an Dritte und nur dann, wenn dies f\u00fcr die Ausf\u00fchrung unserer Vereinbarung mit Ihnen oder zur Erf\u00fcllung einer gesetzlichen Verpflichtung erforderlich ist.<\/p>\n\n\n\n<p><strong>Cookies oder \u00e4hnliche Techniken, die wir verwenden<\/strong><br>Kloosterhaar Bouwgrondstoffen verwendet nur technische und funktionale Cookies. Und analytische Cookies, die Ihre Privatsph\u00e4re nicht verletzen. Ein Cookie ist eine kleine Textdatei, die auf Ihrem Computer, Tablet oder Smartphone gespeichert wird, wenn Sie diese Website zum ersten Mal besuchen. Die von uns verwendeten Cookies sind f\u00fcr den technischen Betrieb der Website und Ihre Benutzerfreundlichkeit erforderlich. Sie stellen sicher, dass die Website ordnungsgem\u00e4\u00df funktioniert und merken sich beispielsweise Ihre bevorzugten Einstellungen. Au\u00dferdem k\u00f6nnen wir damit unsere Website optimieren. Sie k\u00f6nnen Cookies ablehnen, indem Sie Ihren Internetbrowser so einstellen, dass er keine Cookies mehr speichert. Dar\u00fcber hinaus k\u00f6nnen Sie auch alle zuvor gespeicherten Informationen \u00fcber die Einstellungen Ihres Browsers l\u00f6schen.<\/p>\n\n\n\n<p><strong>Daten anzeigen, \u00e4ndern oder l\u00f6schen<\/strong><br>Sie haben das Recht, Ihre personenbezogenen Daten einzusehen, zu korrigieren oder zu l\u00f6schen. Dar\u00fcber hinaus haben Sie das Recht, Ihre Einwilligung zur Datenverarbeitung zu widerrufen oder der Verarbeitung Ihrer personenbezogenen Daten durch Kloosterhaar Bouwgrondstoffen zu widersprechen, und Sie haben das Recht auf Daten\u00fcbertragbarkeit. Dies bedeutet, dass Sie eine Anfrage an uns richten k\u00f6nnen, um die personenbezogenen Daten, die wir \u00fcber Sie gespeichert haben, in einer Computerdatei an Sie oder eine andere von Ihnen genannte Organisation zu senden. Sie k\u00f6nnen einen Antrag auf Einsichtnahme, Korrektur, L\u00f6schung, Daten\u00fcbertragung Ihrer personenbezogenen Daten oder einen Antrag auf Widerruf Ihrer Einwilligung oder Widerspruch gegen die Verarbeitung Ihrer personenbezogenen Daten an Wandre.Bakhuis@kloosterhaar-bouwgrondstoffen.com senden. Um sicherzustellen, dass der Antrag auf Einsichtnahme von Ihnen gestellt wurde, bitten wir Sie, dem Antrag eine Kopie Ihres Identit\u00e4tsnachweises beizuf\u00fcgen. Machen Sie in dieser Kopie Ihr Passfoto, MRZ (maschinenlesbare Zone, der Nummernstreifen am unteren Rand des Passes), Passnummer und B\u00fcrgerservicenummer (BSN) schwarz. Dies dient dem Schutz Ihrer Privatsph\u00e4re. Wir werden Ihre Anfrage so schnell wie m\u00f6glich beantworten, jedoch innerhalb von vier Wochen. Kloosterhaar Bouwgrondstoffen m\u00f6chte auch darauf hinweisen, dass Sie die M\u00f6glichkeit haben, eine Beschwerde bei der nationalen Aufsichtsbeh\u00f6rde, der niederl\u00e4ndischen Datenschutzbeh\u00f6rde, einzureichen. Dies kann \u00fcber den folgenden Link erfolgen: https:\/\/autoriteitpersoonsgegevens.nl\/nl\/contact-met-de-autoriteit-persoonsgegevens\/tip-ons<\/p>\n\n\n\n<p><strong>Wie wir personenbezogene Daten sichern<\/strong><br>Kloosterhaar Bouwgrondstoffen nimmt den Schutz Ihrer Daten ernst und ergreift geeignete Ma\u00dfnahmen, um Missbrauch, Verlust, unbefugten Zugriff, unerw\u00fcnschte Offenlegung und unbefugte \u00c4nderungen zu verhindern. Wenn Sie den Eindruck haben, dass Ihre Daten nicht ausreichend gesichert sind oder Hinweise auf Missbrauch vorliegen, wenden Sie sich bitte an unseren Kundenservice oder \u00fcber Wandre.Bakhuis@kloosterhaar-bouwgrondstoffen.com<\/p>\n","protected":false},"excerpt":{"rendered":"<p>Kloosterhaar Bouwgrondstoffen mit Sitz in Verlengde Broekdijk 27 7694 TD Kloosterhaar ist f\u00fcr die Verarbeitung personenbezogener Daten gem\u00e4\u00df dieser Datenschutzerkl\u00e4rung verantwortlich.Kontaktdetails:https:\/\/kloosterhaar-bouwgrondstoffen.comErweiterter Broekdijk 27 7694 TD Kloosterhaar+31 0523 241 543 Personenbezogene&#8230;<\/p>\n","protected":false},"author":1,"featured_media":0,"parent":0,"menu_order":0,"comment_status":"closed","ping_status":"closed","template":"","meta":{"_acf_changed":false,"footnotes":""},"class_list":["post-324","page","type-page","status-publish","hentry"],"acf":[],"yoast_head":"<!-- This site is optimized with the Yoast SEO plugin v27.4 - https:\/\/yoast.com\/product\/yoast-seo-wordpress\/ -->\n<title>Datenschutzerkl\u00e4rung - Kloosterhaar Bouwgrondstoffen<\/title>\n<meta name=\"description\" content=\"Kloosterhaar Bouwgrondstoffen mit Sitz in Verlengde Broekdijk 27 7694 TD Kloosterhaar ist f\u00fcr die Verarbeitung personenbezogener Daten gem\u00e4\u00df dieser Datenschutzerkl\u00e4rung verantwortlich.\" \/>\n<meta name=\"robots\" content=\"index, follow, max-snippet:-1, max-image-preview:large, max-video-preview:-1\" \/>\n<link rel=\"canonical\" href=\"https:\/\/kloosterhaar-bouwgrondstoffen.com\/de\/privacy-statement\/\" \/>\n<meta property=\"og:locale\" content=\"de_DE\" \/>\n<meta property=\"og:type\" content=\"article\" \/>\n<meta property=\"og:title\" content=\"Datenschutzerkl\u00e4rung - Kloosterhaar Bouwgrondstoffen\" \/>\n<meta property=\"og:description\" content=\"Kloosterhaar Bouwgrondstoffen mit Sitz in Verlengde Broekdijk 27 7694 TD Kloosterhaar ist f\u00fcr die Verarbeitung personenbezogener Daten gem\u00e4\u00df dieser Datenschutzerkl\u00e4rung verantwortlich.\" \/>\n<meta property=\"og:url\" content=\"https:\/\/kloosterhaar-bouwgrondstoffen.com\/de\/privacy-statement\/\" \/>\n<meta property=\"og:site_name\" content=\"Kloosterhaar Bouwgrondstoffen\" \/>\n<meta property=\"article:modified_time\" content=\"2022-12-21T12:59:52+00:00\" \/>\n<meta name=\"twitter:card\" content=\"summary_large_image\" \/>\n<meta name=\"twitter:label1\" content=\"Gesch\u00e4tzte Lesezeit\" \/>\n\t<meta name=\"twitter:data1\" content=\"4\u00a0Minuten\" \/>\n<script type=\"application\/ld+json\" class=\"yoast-schema-graph\">{\"@context\":\"https:\\\/\\\/schema.org\",\"@graph\":[{\"@type\":\"WebPage\",\"@id\":\"https:\\\/\\\/kloosterhaar-bouwgrondstoffen.com\\\/de\\\/privacy-statement\\\/\",\"url\":\"https:\\\/\\\/kloosterhaar-bouwgrondstoffen.com\\\/de\\\/privacy-statement\\\/\",\"name\":\"Datenschutzerkl\u00e4rung - Kloosterhaar Bouwgrondstoffen\",\"isPartOf\":{\"@id\":\"https:\\\/\\\/kloosterhaar-bouwgrondstoffen.com\\\/#website\"},\"datePublished\":\"2022-12-12T12:52:23+00:00\",\"dateModified\":\"2022-12-21T12:59:52+00:00\",\"description\":\"Kloosterhaar Bouwgrondstoffen mit Sitz in Verlengde Broekdijk 27 7694 TD Kloosterhaar ist f\u00fcr die Verarbeitung personenbezogener Daten gem\u00e4\u00df dieser Datenschutzerkl\u00e4rung verantwortlich.\",\"breadcrumb\":{\"@id\":\"https:\\\/\\\/kloosterhaar-bouwgrondstoffen.com\\\/de\\\/privacy-statement\\\/#breadcrumb\"},\"inLanguage\":\"de\",\"potentialAction\":[{\"@type\":\"ReadAction\",\"target\":[\"https:\\\/\\\/kloosterhaar-bouwgrondstoffen.com\\\/de\\\/privacy-statement\\\/\"]}]},{\"@type\":\"BreadcrumbList\",\"@id\":\"https:\\\/\\\/kloosterhaar-bouwgrondstoffen.com\\\/de\\\/privacy-statement\\\/#breadcrumb\",\"itemListElement\":[{\"@type\":\"ListItem\",\"position\":1,\"name\":\"Home\",\"item\":\"https:\\\/\\\/kloosterhaar-bouwgrondstoffen.com\\\/de\\\/\"},{\"@type\":\"ListItem\",\"position\":2,\"name\":\"Datenschutzerkl\u00e4rung\"}]},{\"@type\":\"WebSite\",\"@id\":\"https:\\\/\\\/kloosterhaar-bouwgrondstoffen.com\\\/#website\",\"url\":\"https:\\\/\\\/kloosterhaar-bouwgrondstoffen.com\\\/\",\"name\":\"Kloosterhaar Bouwgrondstoffen\",\"description\":\"\",\"potentialAction\":[{\"@type\":\"SearchAction\",\"target\":{\"@type\":\"EntryPoint\",\"urlTemplate\":\"https:\\\/\\\/kloosterhaar-bouwgrondstoffen.com\\\/?s={search_term_string}\"},\"query-input\":{\"@type\":\"PropertyValueSpecification\",\"valueRequired\":true,\"valueName\":\"search_term_string\"}}],\"inLanguage\":\"de\"}]}<\/script>\n<!-- \/ Yoast SEO plugin. -->","yoast_head_json":{"title":"Datenschutzerkl\u00e4rung - Kloosterhaar Bouwgrondstoffen","description":"Kloosterhaar Bouwgrondstoffen mit Sitz in Verlengde Broekdijk 27 7694 TD Kloosterhaar ist f\u00fcr die Verarbeitung personenbezogener Daten gem\u00e4\u00df dieser Datenschutzerkl\u00e4rung verantwortlich.","robots":{"index":"index","follow":"follow","max-snippet":"max-snippet:-1","max-image-preview":"max-image-preview:large","max-video-preview":"max-video-preview:-1"},"canonical":"https:\/\/kloosterhaar-bouwgrondstoffen.com\/de\/privacy-statement\/","og_locale":"de_DE","og_type":"article","og_title":"Datenschutzerkl\u00e4rung - Kloosterhaar Bouwgrondstoffen","og_description":"Kloosterhaar Bouwgrondstoffen mit Sitz in Verlengde Broekdijk 27 7694 TD Kloosterhaar ist f\u00fcr die Verarbeitung personenbezogener Daten gem\u00e4\u00df dieser Datenschutzerkl\u00e4rung verantwortlich.","og_url":"https:\/\/kloosterhaar-bouwgrondstoffen.com\/de\/privacy-statement\/","og_site_name":"Kloosterhaar Bouwgrondstoffen","article_modified_time":"2022-12-21T12:59:52+00:00","twitter_card":"summary_large_image","twitter_misc":{"Gesch\u00e4tzte Lesezeit":"4\u00a0Minuten"},"schema":{"@context":"https:\/\/schema.org","@graph":[{"@type":"WebPage","@id":"https:\/\/kloosterhaar-bouwgrondstoffen.com\/de\/privacy-statement\/","url":"https:\/\/kloosterhaar-bouwgrondstoffen.com\/de\/privacy-statement\/","name":"Datenschutzerkl\u00e4rung - Kloosterhaar Bouwgrondstoffen","isPartOf":{"@id":"https:\/\/kloosterhaar-bouwgrondstoffen.com\/#website"},"datePublished":"2022-12-12T12:52:23+00:00","dateModified":"2022-12-21T12:59:52+00:00","description":"Kloosterhaar Bouwgrondstoffen mit Sitz in Verlengde Broekdijk 27 7694 TD Kloosterhaar ist f\u00fcr die Verarbeitung personenbezogener Daten gem\u00e4\u00df dieser Datenschutzerkl\u00e4rung verantwortlich.","breadcrumb":{"@id":"https:\/\/kloosterhaar-bouwgrondstoffen.com\/de\/privacy-statement\/#breadcrumb"},"inLanguage":"de","potentialAction":[{"@type":"ReadAction","target":["https:\/\/kloosterhaar-bouwgrondstoffen.com\/de\/privacy-statement\/"]}]},{"@type":"BreadcrumbList","@id":"https:\/\/kloosterhaar-bouwgrondstoffen.com\/de\/privacy-statement\/#breadcrumb","itemListElement":[{"@type":"ListItem","position":1,"name":"Home","item":"https:\/\/kloosterhaar-bouwgrondstoffen.com\/de\/"},{"@type":"ListItem","position":2,"name":"Datenschutzerkl\u00e4rung"}]},{"@type":"WebSite","@id":"https:\/\/kloosterhaar-bouwgrondstoffen.com\/#website","url":"https:\/\/kloosterhaar-bouwgrondstoffen.com\/","name":"Kloosterhaar Bouwgrondstoffen","description":"","potentialAction":[{"@type":"SearchAction","target":{"@type":"EntryPoint","urlTemplate":"https:\/\/kloosterhaar-bouwgrondstoffen.com\/?s={search_term_string}"},"query-input":{"@type":"PropertyValueSpecification","valueRequired":true,"valueName":"search_term_string"}}],"inLanguage":"de"}]}},"_links":{"self":[{"href":"https:\/\/kloosterhaar-bouwgrondstoffen.com\/de\/wp-json\/wp\/v2\/pages\/324","targetHints":{"allow":["GET"]}}],"collection":[{"href":"https:\/\/kloosterhaar-bouwgrondstoffen.com\/de\/wp-json\/wp\/v2\/pages"}],"about":[{"href":"https:\/\/kloosterhaar-bouwgrondstoffen.com\/de\/wp-json\/wp\/v2\/types\/page"}],"author":[{"embeddable":true,"href":"https:\/\/kloosterhaar-bouwgrondstoffen.com\/de\/wp-json\/wp\/v2\/users\/1"}],"replies":[{"embeddable":true,"href":"https:\/\/kloosterhaar-bouwgrondstoffen.com\/de\/wp-json\/wp\/v2\/comments?post=324"}],"version-history":[{"count":3,"href":"https:\/\/kloosterhaar-bouwgrondstoffen.com\/de\/wp-json\/wp\/v2\/pages\/324\/revisions"}],"predecessor-version":[{"id":488,"href":"https:\/\/kloosterhaar-bouwgrondstoffen.com\/de\/wp-json\/wp\/v2\/pages\/324\/revisions\/488"}],"wp:attachment":[{"href":"https:\/\/kloosterhaar-bouwgrondstoffen.com\/de\/wp-json\/wp\/v2\/media?parent=324"}],"curies":[{"name":"wp","href":"https:\/\/api.w.org\/{rel}","templated":true}]}}